{"id":9868,"date":"2017-11-22T08:29:44","date_gmt":"2017-11-22T08:29:44","guid":{"rendered":"https:\/\/dembou-consulting.com\/?page_id=9868"},"modified":"2025-11-03T10:14:25","modified_gmt":"2025-11-03T10:14:25","slug":"marketing-digital","status":"publish","type":"page","link":"https:\/\/dembou-consulting.com\/accueil-4\/marketing-digital\/","title":{"rendered":"Marketing Digital"},"content":{"rendered":"<div class=\"wpb-content-wrapper\"><p>[vc_row css_animation=&#8221;none&#8221; css=&#8221;.vc_custom_1511352317763{margin-top: 0px !important;margin-bottom: 0px !important;padding-top: 75px !important;padding-bottom: 75px !important;}&#8221;][vc_column css_animation=&#8221;none&#8221; width=&#8221;2\/3&#8243; offset=&#8221;vc_col-lg-9 vc_col-md-8&#8243;][vc_row_inner equal_height=&#8221;yes&#8221; rtl_reverse=&#8221;yes&#8221; content_placement=&#8221;middle&#8221; css=&#8221;.vc_custom_1762123578056{background-image: url(https:\/\/dembou-consulting.com\/wp-content\/uploads\/2025\/11\/jikte.png?id=9954) !important;}&#8221;][vc_column_inner][vc_empty_space height=&#8221;250px&#8221;][vc_custom_heading text=&#8221;MARKETING DIGITAL&#8221; font_container=&#8221;tag:h5|font_size:20px|text_align:center|line_height:30px&#8221; use_theme_fonts=&#8221;yes&#8221; css_animation=&#8221;none&#8221; css=&#8221;.vc_custom_1762162804372{margin-top: 0px !important;margin-bottom: 0px !important;background-color: #f58220 !important;}&#8221;][\/vc_column_inner][\/vc_row_inner][vc_row_inner][vc_column_inner][\/vc_column_inner][\/vc_row_inner][vc_row_inner][vc_column_inner width=&#8221;1\/3&#8243;][\/vc_column_inner][vc_column_inner width=&#8221;1\/3&#8243;][\/vc_column_inner][vc_column_inner width=&#8221;1\/3&#8243;][\/vc_column_inner][\/vc_row_inner][vc_column_text css=&#8221;&#8221;]<\/p>\n<h5 style=\"color: 008e97;\">L&#8217;objectif g\u00e9n\u00e9ral<\/h5>\n<ul>\n<li>Am\u00e9liorer et renforcer les capacit\u00e9s de la cible en termes<br \/>\nd&#8217;optimisation du processus financier.<\/li>\n<li>\u00a0Enseigner aux participants comment concevoir et d\u00e9velopper des<br \/>\nservices financiers num\u00e9riques adapt\u00e9s aux besoins des SFD.<\/li>\n<\/ul>\n<h5>Axes strat\u00e9giques<\/h5>\n<ul>\n<li>M\u00e9thodologie P\u00e9dagogique : Approche interactive : La formation<br \/>\ncombinera des pr\u00e9sentations th\u00e9oriques, des \u00e9tudes de cas, des<br \/>\ndiscussions interactives et des ateliers pratiques pour assurer une<br \/>\ncompr\u00e9hension approfondie et une application concr\u00e8te des<br \/>\nconcepts.<\/li>\n<li>\u00a0\u00c9tudes de cas : Utilisation d&#8217;\u00e9tudes de cas r\u00e9elles et fictives pour<br \/>\nillustrer les concepts et permettre aux participants de pratiquer<br \/>\nl&#8217;analyse et la r\u00e9solution de probl\u00e8mes.<\/li>\n<li>\u00a0Ateliers pratiques : Sessions pratiques permettant aux participants<br \/>\nde mettre en application les techniques apprises dans des sc\u00e9narios<br \/>\nr\u00e9alistes .<\/li>\n<\/ul>\n<h5><strong>Avantage<\/strong><\/h5>\n<ul>\n<li>Un co\u00fbt attractif,<\/li>\n<li>Une cible 360<\/li>\n<li>Une formation dipl\u00f4mante et certifiante, Programme<br \/>\nmodulable et flexible s&#8217;adaptant \u00e0 tous secteurs d&#8217;activit\u00e9s,<br \/>\nChoix des modules \u00e0 la carte pour une formation sp\u00e9cifique<br \/>\n\u00e0 votre besoin en entreprise,<\/li>\n<li>Une mont\u00e9e en comp\u00e9tence de vos collaborateurs.<\/li>\n<\/ul>\n<p>&nbsp;<\/p>\n<h5 style=\"color: 008e97;\">Nos modules de formation<\/h5>\n<ul>\n<li>COMPREHENSION DES BESOINS DES SFD<\/li>\n<li>CONCEPTION DEPR ODUITS FINANCIERS NUMERIQUE<\/li>\n<li>DEVELOPPEMENT ET DEPLOIEMENT<\/li>\n<li>EVALUATION ET AMELIORATION CONTINUE<\/li>\n<li>TECHNOLOGIES ET PLATEFORMES DIGITALES<\/li>\n<li>REGLEMENTATION ET CONFORMITE DU CREDIT DIGITAL<\/li>\n<\/ul>\n<h4 style=\"text-align: center;\"><span style=\"color: #ffffff;\"> formation : 5 jours<\/span><\/h4>\n<p>[\/vc_column_text][\/vc_column][vc_column css_animation=&#8221;none&#8221; width=&#8221;1\/3&#8243; offset=&#8221;vc_col-lg-3 vc_col-md-4&#8243; css=&#8221;.vc_custom_1675118879376{background-color: #008e97 !important;}&#8221;][vc_row_inner css=&#8221;.vc_custom_1519129141917{margin-top: 30px !important;margin-right: 0px !important;margin-bottom: 30px !important;margin-left: 0px !important;border-top-width: 1px !important;border-right-width: 1px !important;border-bottom-width: 1px !important;border-left-width: 1px !important;padding-top: 26px !important;padding-right: 18px !important;padding-bottom: 15px !important;padding-left: 15px !important;background-color: #ffffff !important;border-left-color: #e6e6e6 !important;border-left-style: solid !important;border-right-color: #e6e6e6 !important;border-right-style: solid !important;border-top-color: #e6e6e6 !important;border-top-style: solid !important;border-bottom-color: #e6e6e6 !important;border-bottom-style: solid !important;}&#8221;][vc_column_inner css=&#8221;.vc_custom_1675118775265{padding-top: 0px !important;padding-right: 0px !important;padding-bottom: 0px !important;padding-left: 0px !important;}&#8221;][vc_custom_heading text=&#8221;Prenez contact&#8221; font_container=&#8221;tag:h2|font_size:25|text_align:left|line_height:25px&#8221; use_theme_fonts=&#8221;yes&#8221; css_animation=&#8221;none&#8221; css=&#8221;.vc_custom_1762123334583{margin-top: 0px !important;margin-bottom: 20px !important;padding-top: 0px !important;padding-bottom: 0px !important;padding-left: 14px !important;}&#8221;]\r<!-- rt-cf7 -->\r<div class=\"radiant-contact-form rta16eed70943014a element-one service-form vc_custom_1524647591551\"  >\n<div class=\"wpcf7 no-js\" id=\"wpcf7-f318-o1\" lang=\"en-US\" dir=\"ltr\" data-wpcf7-id=\"318\">\n<div class=\"screen-reader-response\"><p role=\"status\" aria-live=\"polite\" aria-atomic=\"true\"><\/p> <ul><\/ul><\/div>\n<form action=\"\/accueil-4\/wp-json\/wp\/v2\/pages\/9868#wpcf7-f318-o1\" method=\"post\" class=\"wpcf7-form init\" aria-label=\"Contact form\" novalidate=\"novalidate\" data-status=\"init\">\n<fieldset class=\"hidden-fields-container\"><input type=\"hidden\" name=\"_wpcf7\" value=\"318\" \/><input type=\"hidden\" name=\"_wpcf7_version\" value=\"6.1.3\" \/><input type=\"hidden\" name=\"_wpcf7_locale\" value=\"en_US\" \/><input type=\"hidden\" name=\"_wpcf7_unit_tag\" value=\"wpcf7-f318-o1\" \/><input type=\"hidden\" name=\"_wpcf7_container_post\" value=\"0\" \/><input type=\"hidden\" name=\"_wpcf7_posted_data_hash\" value=\"\" \/>\n<\/fieldset>\n<div class=\"row\">\n\t<div class=\"col-lg-12 col-md-12 col-sm-12 col-xs-12\">\n\t\t<div class=\"form-row\">\n\t\t\t<p><span class=\"wpcf7-form-control-wrap\" data-name=\"Name\"><input size=\"40\" maxlength=\"400\" class=\"wpcf7-form-control wpcf7-text wpcf7-validates-as-required\" aria-required=\"true\" aria-invalid=\"false\" placeholder=\"Name:\" value=\"\" type=\"text\" name=\"Name\" \/><\/span>\n\t\t\t<\/p>\n\t\t<\/div>\n\t<\/div>\n\t<div class=\"col-lg-12 col-md-12 col-sm-12 col-xs-12\">\n\t\t<div class=\"form-row\">\n\t\t\t<p><span class=\"wpcf7-form-control-wrap\" data-name=\"email\"><input size=\"40\" maxlength=\"400\" class=\"wpcf7-form-control wpcf7-email wpcf7-validates-as-required wpcf7-text wpcf7-validates-as-email\" aria-required=\"true\" aria-invalid=\"false\" placeholder=\"Email:\" value=\"\" type=\"email\" name=\"email\" \/><\/span>\n\t\t\t<\/p>\n\t\t<\/div>\n\t<\/div>\n\t<div class=\"col-lg-12 col-md-12 col-sm-12 col-xs-12\">\n\t\t<div class=\"form-row\">\n\t\t\t<p><span class=\"wpcf7-form-control-wrap\" data-name=\"phone\"><input size=\"40\" maxlength=\"400\" class=\"wpcf7-form-control wpcf7-tel wpcf7-text wpcf7-validates-as-tel\" aria-invalid=\"false\" placeholder=\"Phone:\" value=\"\" type=\"tel\" name=\"phone\" \/><\/span>\n\t\t\t<\/p>\n\t\t<\/div>\n\t<\/div>\n\t<div class=\"col-lg-12 col-md-12 col-sm-12 col-xs-12\">\n\t\t<div class=\"form-row\">\n\t\t\t<p><span class=\"wpcf7-form-control-wrap\" data-name=\"subject\"><input size=\"40\" maxlength=\"400\" class=\"wpcf7-form-control wpcf7-text\" aria-invalid=\"false\" placeholder=\"Subject:\" value=\"\" type=\"text\" name=\"subject\" \/><\/span>\n\t\t\t<\/p>\n\t\t<\/div>\n\t<\/div>\n\t<div class=\"col-lg-12 col-md-12 col-sm-12 col-xs-12\">\n\t\t<div class=\"form-row\">\n\t\t\t<p><span class=\"wpcf7-form-control-wrap\" data-name=\"service\"><select class=\"wpcf7-form-control wpcf7-select\" aria-invalid=\"false\" name=\"service\"><option value=\"Financial Planning\">Financial Planning<\/option><option value=\"Software &amp; Research\">Software &amp; Research<\/option><option value=\"Business Services\">Business Services<\/option><option value=\"Quality Resourcing\">Quality Resourcing<\/option><option value=\"Travel and Aviation\">Travel and Aviation<\/option><option value=\"Healthcare Services\">Healthcare Services<\/option><\/select><\/span>\n\t\t\t<\/p>\n\t\t<\/div>\n\t<\/div>\n\t<div class=\"col-lg-12 col-md-12 col-sm-12 col-xs-12\">\n\t\t<div class=\"form-row\">\n\t\t\t<p><span class=\"wpcf7-form-control-wrap\" data-name=\"message\"><textarea cols=\"40\" rows=\"10\" maxlength=\"2000\" class=\"wpcf7-form-control wpcf7-textarea\" aria-invalid=\"false\" placeholder=\"Message:\" name=\"message\"><\/textarea><\/span>\n\t\t\t<\/p>\n\t\t<\/div>\n\t<\/div>\n\t<div class=\"col-lg-12 col-md-12 col-sm-12 col-xs-12\">\n\t\t<div class=\"form-row last button\">\n\t\t\t<p><input class=\"wpcf7-form-control wpcf7-submit has-spinner\" type=\"submit\" value=\"Send Message\" \/>\n\t\t\t<\/p>\n\t\t<\/div>\n\t<\/div>\n<\/div><div class=\"wpcf7-response-output\" aria-hidden=\"true\"><\/div>\n<\/form>\n<\/div>\n<\/div>\r<!-- rt-cf7 -->\r[\/vc_column_inner][\/vc_row_inner][vc_row_inner css=&#8221;.vc_custom_1519105729265{margin-right: 0px !important;margin-left: 0px !important;border-top-width: 1px !important;border-right-width: 1px !important;border-bottom-width: 1px !important;border-left-width: 1px !important;padding-top: 28px !important;padding-right: 28px !important;padding-bottom: 28px !important;padding-left: 26px !important;background-color: #f9f9f9 !important;border-left-color: #e6e6e6 !important;border-left-style: solid !important;border-right-color: #e6e6e6 !important;border-right-style: solid !important;border-top-color: #e6e6e6 !important;border-top-style: solid !important;border-bottom-color: #e6e6e6 !important;border-bottom-style: solid !important;}&#8221;][vc_column_inner css=&#8221;.vc_custom_1508407872713{padding-top: 0px !important;padding-right: 0px !important;padding-bottom: 0px !important;padding-left: 0px !important;}&#8221;][vc_custom_heading text=&#8221;contact&#8221; font_container=&#8221;tag:h2|font_size:25|text_align:center|line_height:25px&#8221; use_theme_fonts=&#8221;yes&#8221; css_animation=&#8221;none&#8221; css=&#8221;.vc_custom_1675119423021{margin-top: 0px !important;margin-bottom: 20px !important;padding-top: 0px !important;padding-bottom: 0px !important;padding-left: 14px !important;}&#8221;][vc_custom_heading text=&#8221;E-mail : contact@dembou-consulting.com<\/p>\n<p>Tel : (+32) 498.08.06.95&#8243; font_container=&#8221;tag:h5|font_size:14px|text_align:center|color:%23696969|line_height:25px&#8221; use_theme_fonts=&#8221;yes&#8221; css=&#8221;.vc_custom_1762163419470{padding-top: 0px !important;padding-bottom: 0px !important;}&#8221;][\/vc_column_inner][\/vc_row_inner][\/vc_column][\/vc_row]<\/p>\n<\/div>","protected":false},"excerpt":{"rendered":"<p>[vc_row css_animation=&#8221;none&#8221; css=&#8221;.vc_custom_1511352317763{margin-top: 0px !important;margin-bottom: 0px !important;padding-top: 75px !important;padding-bottom: 75px !important;}&#8221;][vc_column css_animation=&#8221;none&#8221; width=&#8221;2\/3&#8243; offset=&#8221;vc_col-lg-9 vc_col-md-8&#8243;][vc_row_inner equal_height=&#8221;yes&#8221; rtl_reverse=&#8221;yes&#8221; content_placement=&#8221;middle&#8221; css=&#8221;.vc_custom_1762123578056{background-image: url(https:\/\/dembou-consulting.com\/wp-content\/uploads\/2025\/11\/jikte.png?id=9954) !important;}&#8221;][vc_column_inner][vc_empty_space height=&#8221;250px&#8221;][vc_custom_heading text=&#8221;MARKETING DIGITAL&#8221; font_container=&#8221;tag:h5|font_size:20px|text_align:center|line_height:30px&#8221; use_theme_fonts=&#8221;yes&#8221; css_animation=&#8221;none&#8221; css=&#8221;.vc_custom_1762162804372{margin-top: 0px !important;margin-bottom: 0px !important;background-color: #f58220 !important;}&#8221;][\/vc_column_inner][\/vc_row_inner][vc_row_inner][vc_column_inner][\/vc_column_inner][\/vc_row_inner][vc_row_inner][vc_column_inner width=&#8221;1\/3&#8243;][\/vc_column_inner][vc_column_inner width=&#8221;1\/3&#8243;][\/vc_column_inner][vc_column_inner width=&#8221;1\/3&#8243;][\/vc_column_inner][\/vc_row_inner][vc_column_text css=&#8221;&#8221;] L&#8217;objectif g\u00e9n\u00e9ral Am\u00e9liorer et renforcer les capacit\u00e9s de la cible en termes d&#8217;optimisation du processus financier. \u00a0Enseigner [&hellip;]<\/p>\n","protected":false},"author":2,"featured_media":0,"parent":0,"menu_order":0,"comment_status":"closed","ping_status":"closed","template":"","meta":{"footnotes":""},"class_list":["post-9868","page","type-page","status-publish","hentry"],"_links":{"self":[{"href":"https:\/\/dembou-consulting.com\/accueil-4\/wp-json\/wp\/v2\/pages\/9868","targetHints":{"allow":["GET"]}}],"collection":[{"href":"https:\/\/dembou-consulting.com\/accueil-4\/wp-json\/wp\/v2\/pages"}],"about":[{"href":"https:\/\/dembou-consulting.com\/accueil-4\/wp-json\/wp\/v2\/types\/page"}],"author":[{"embeddable":true,"href":"https:\/\/dembou-consulting.com\/accueil-4\/wp-json\/wp\/v2\/users\/2"}],"replies":[{"embeddable":true,"href":"https:\/\/dembou-consulting.com\/accueil-4\/wp-json\/wp\/v2\/comments?post=9868"}],"version-history":[{"count":3,"href":"https:\/\/dembou-consulting.com\/accueil-4\/wp-json\/wp\/v2\/pages\/9868\/revisions"}],"predecessor-version":[{"id":9980,"href":"https:\/\/dembou-consulting.com\/accueil-4\/wp-json\/wp\/v2\/pages\/9868\/revisions\/9980"}],"wp:attachment":[{"href":"https:\/\/dembou-consulting.com\/accueil-4\/wp-json\/wp\/v2\/media?parent=9868"}],"curies":[{"name":"wp","href":"https:\/\/api.w.org\/{rel}","templated":true}]}}