{"id":9852,"date":"2018-03-28T04:55:42","date_gmt":"2018-03-28T04:55:42","guid":{"rendered":"https:\/\/dembou-consulting.com\/?page_id=9852"},"modified":"2025-11-04T10:02:25","modified_gmt":"2025-11-04T10:02:25","slug":"accueil","status":"publish","type":"page","link":"https:\/\/dembou-consulting.com\/accueil-4\/","title":{"rendered":"Accueil"},"content":{"rendered":"<div class=\"wpb-content-wrapper\"><p>[vc_row full_width=&#8221;stretch_row_content_no_spaces&#8221;][vc_column css=&#8221;.vc_custom_1522474781581{margin-top: 0px !important;margin-bottom: 0px !important;padding-top: 0px !important;padding-bottom: 0px !important;}&#8221;][vc_column_text css=&#8221;.vc_custom_1762097967638{margin-top: 0px !important;margin-bottom: 0px !important;}&#8221;]\n\t\t\t<!-- START demoeight 11 REVOLUTION SLIDER 6.7.35 --><p class=\"rs-p-wp-fix\"><\/p>\n\t\t\t<rs-module-wrap id=\"rev_slider_3_1_wrapper\" data-source=\"gallery\" style=\"visibility:hidden;background:transparent;padding:0;margin:0px auto;margin-top:0;margin-bottom:0;\">\n\t\t\t\t<rs-module id=\"rev_slider_3_1\" style=\"\" data-version=\"6.7.35\">\n\t\t\t\t\t<rs-slides style=\"overflow: hidden; position: absolute;\">\n\t\t\t\t\t\t<rs-slide style=\"position: absolute;\" data-key=\"rs-6\" data-title=\"Slide\" data-in=\"o:0;\" data-out=\"a:false;\">\n\t\t\t\t\t\t\t<img decoding=\"async\" src=\"\/\/dembou-consulting.com\/accueil-4\/wp-content\/plugins\/revslider\/sr6\/assets\/assets\/dummy.png\" alt=\"Slide\" title=\"Accueil\" class=\"rev-slidebg tp-rs-img rs-lazyload\" data-lazyload=\"\/\/dembou-consulting.com\/accueil-4\/wp-content\/plugins\/revslider\/sr6\/assets\/assets\/transparent.png\" data-parallax=\"off\" data-no-retina>\n<!--\n\t\t\t\t\t\t\t--><rs-layer\n\t\t\t\t\t\t\t\tid=\"slider-3-slide-6-layer-0\" \n\t\t\t\t\t\t\t\tdata-type=\"image\"\n\t\t\t\t\t\t\t\tdata-rsp_ch=\"on\"\n\t\t\t\t\t\t\t\tdata-xy=\"xo:-211px,-184px,-139px,-85px;yo:-32px,-28px,-21px,-12px;\"\n\t\t\t\t\t\t\t\tdata-text=\"w:normal;s:20,17,12,7;l:0,21,15,9;\"\n\t\t\t\t\t\t\t\tdata-dim=\"w:1600px,1400px,1063px,655px;h:616px,539px,409px,252px;\"\n\t\t\t\t\t\t\t\tdata-frame_999=\"o:0;st:w;\"\n\t\t\t\t\t\t\t\tstyle=\"z-index:5;\"\n\t\t\t\t\t\t\t><img fetchpriority=\"high\" decoding=\"async\" src=\"\/\/dembou-consulting.com\/accueil-4\/wp-content\/plugins\/revslider\/sr6\/assets\/assets\/dummy.png\" alt=\"\" class=\"tp-rs-img rs-lazyload\" width=\"1600\" height=\"616\" data-lazyload=\"\/\/dembou-consulting.com\/wp-content\/uploads\/2025\/11\/accueil-1.jpg\" data-no-retina> \n\t\t\t\t\t\t\t<\/rs-layer><!--\n-->\t\t\t\t\t<\/rs-slide>\n\t\t\t\t\t\t<rs-slide style=\"position: absolute;\" data-key=\"rs-7\" data-title=\"Slide\" data-in=\"o:0;\" data-out=\"a:false;\">\n\t\t\t\t\t\t\t<img decoding=\"async\" src=\"\/\/dembou-consulting.com\/accueil-4\/wp-content\/plugins\/revslider\/sr6\/assets\/assets\/dummy.png\" alt=\"Slide\" title=\"Accueil\" class=\"rev-slidebg tp-rs-img rs-lazyload\" data-lazyload=\"\/\/dembou-consulting.com\/accueil-4\/wp-content\/plugins\/revslider\/sr6\/assets\/assets\/transparent.png\" data-parallax=\"off\" data-no-retina>\n<!--\n\t\t\t\t\t\t\t--><rs-layer\n\t\t\t\t\t\t\t\tid=\"slider-3-slide-7-layer-5\" \n\t\t\t\t\t\t\t\tdata-type=\"image\"\n\t\t\t\t\t\t\t\tdata-rsp_ch=\"on\"\n\t\t\t\t\t\t\t\tdata-xy=\"xo:-224px,-196px,-148px,-91px;yo:-19px,-16px,-12px,-7px;\"\n\t\t\t\t\t\t\t\tdata-text=\"w:normal;s:20,17,12,7;l:0,21,15,9;\"\n\t\t\t\t\t\t\t\tdata-dim=\"w:1600px,1400px,1063px,655px;h:616px,539px,409px,252px;\"\n\t\t\t\t\t\t\t\tdata-frame_999=\"o:0;st:w;\"\n\t\t\t\t\t\t\t\tstyle=\"z-index:6;\"\n\t\t\t\t\t\t\t><img decoding=\"async\" src=\"\/\/dembou-consulting.com\/accueil-4\/wp-content\/plugins\/revslider\/sr6\/assets\/assets\/dummy.png\" alt=\"\" class=\"tp-rs-img rs-lazyload\" width=\"1600\" height=\"616\" data-lazyload=\"\/\/dembou-consulting.com\/wp-content\/uploads\/2025\/11\/Senior-Certificate-4.jpg\" data-no-retina> \n\t\t\t\t\t\t\t<\/rs-layer><!--\n-->\t\t\t\t\t<\/rs-slide>\n\t\t\t\t\t\t<rs-slide style=\"position: absolute;\" data-key=\"rs-8\" data-title=\"Slide\" data-in=\"o:0;\" data-out=\"a:false;\">\n\t\t\t\t\t\t\t<img decoding=\"async\" src=\"\/\/dembou-consulting.com\/accueil-4\/wp-content\/plugins\/revslider\/sr6\/assets\/assets\/dummy.png\" alt=\"Slide\" title=\"Accueil\" class=\"rev-slidebg tp-rs-img rs-lazyload\" data-lazyload=\"\/\/dembou-consulting.com\/accueil-4\/wp-content\/plugins\/revslider\/sr6\/assets\/assets\/transparent.png\" data-parallax=\"off\" data-no-retina>\n<!--\n\t\t\t\t\t\t\t--><rs-layer\n\t\t\t\t\t\t\t\tid=\"slider-3-slide-8-layer-10\" \n\t\t\t\t\t\t\t\tdata-type=\"image\"\n\t\t\t\t\t\t\t\tdata-rsp_ch=\"on\"\n\t\t\t\t\t\t\t\tdata-xy=\"xo:-211px,-184px,-139px,-85px;yo:-14px,-12px,-9px,-5px;\"\n\t\t\t\t\t\t\t\tdata-text=\"w:normal;s:20,17,12,7;l:0,21,15,9;\"\n\t\t\t\t\t\t\t\tdata-dim=\"w:1600px,1400px,1063px,655px;h:616px,539px,409px,252px;\"\n\t\t\t\t\t\t\t\tdata-frame_999=\"o:0;st:w;\"\n\t\t\t\t\t\t\t\tstyle=\"z-index:5;\"\n\t\t\t\t\t\t\t><img decoding=\"async\" src=\"\/\/dembou-consulting.com\/accueil-4\/wp-content\/plugins\/revslider\/sr6\/assets\/assets\/dummy.png\" alt=\"\" class=\"tp-rs-img rs-lazyload\" width=\"1600\" height=\"616\" data-lazyload=\"\/\/dembou-consulting.com\/wp-content\/uploads\/2025\/11\/Senior-Certificate-5.jpg\" data-no-retina> \n\t\t\t\t\t\t\t<\/rs-layer><!--\n-->\t\t\t\t\t<\/rs-slide>\n\t\t\t\t\t<\/rs-slides>\n\t\t\t\t<\/rs-module>\n\t\t\t\t<script>\n\t\t\t\t\tsetREVStartSize({c: 'rev_slider_3_1',rl:[1240,1024,778,480],el:[664,768,500,400],gw:[1170,1024,778,480],gh:[664,768,500,400],type:'standard',justify:'',layout:'fullwidth',mh:\"0\"});if (window.RS_MODULES!==undefined && window.RS_MODULES.modules!==undefined && window.RS_MODULES.modules[\"revslider31\"]!==undefined) {window.RS_MODULES.modules[\"revslider31\"].once = false;window.revapi3 = undefined;if (window.RS_MODULES.checkMinimal!==undefined) window.RS_MODULES.checkMinimal()}\n\t\t\t\t<\/script>\n\t\t\t<\/rs-module-wrap>\n\t\t\t<!-- END REVOLUTION SLIDER -->\n[\/vc_column_text][\/vc_column][\/vc_row][vc_row full_width=&#8221;stretch_row&#8221; css=&#8221;.vc_custom_1608561978055{margin-top: 0px !important;margin-bottom: 0px !important;padding-top: 53px !important;padding-bottom: 55px !important;background-image: url(https:\/\/dembou-consulting.com\/wp-content\/uploads\/2018\/04\/background6.jpg?id=9422) !important;background-position: center !important;background-repeat: no-repeat !important;background-size: cover !important;}&#8221;][vc_column width=&#8221;2\/3&#8243; css=&#8221;.vc_custom_1610439863818{padding-top: 0px !important;padding-bottom: 0px !important;}&#8221; offset=&#8221;vc_col-lg-9 vc_col-md-8&#8243;][vc_custom_heading text=&#8221;Nous sommes \u00e0 votre \u00e9coute. Pour toute question, n&#8217;h\u00e9sitez pas.&#8221; font_container=&#8221;tag:h4|font_size:26px|text_align:left|color:%23ffffff|line_height:34px&#8221; use_theme_fonts=&#8221;yes&#8221; css=&#8221;.vc_custom_1762108337787{margin-top: 0px !important;margin-bottom: 0px !important;padding-top: 0px !important;padding-bottom: 0px !important;}&#8221;][vc_custom_heading text=&#8221;Prenez contact avec&#8221; font_container=&#8221;tag:h5|font_size:15px|text_align:left|color:%23ffffff|line_height:26px&#8221; use_theme_fonts=&#8221;yes&#8221; css=&#8221;.vc_custom_1762112608206{margin-top: 0px !important;margin-bottom: 57px !important;padding-top: 10px !important;padding-bottom: 0px !important;}&#8221;][\/vc_column][vc_column width=&#8221;1\/3&#8243; css=&#8221;.vc_custom_1610439873623{margin-top: 0px !important;margin-bottom: 0px !important;padding-top: 0px !important;padding-bottom: 0px !important;}&#8221; offset=&#8221;vc_col-lg-3 vc_col-md-4&#8243;]\r<!-- rt-button2 -->\r<div class=\"rt-button2 element-two hover-style-one exdc9bdae117c79d8  text-sm-left\"  data-button-direction=\"center\" data-button-fullwidth=\"false\"  data-button-icon-position=\"right\"><a style=\" color: #38740D; line-height: 23px; font-size: 30px;\" class=\"rt-button2-main  vc_custom_1762113090014\" href=\"https:\/\/dembou-consulting.com\/contact\/\"  title=\"Contact\" target=\"_self\"><div class=\"overlay\"><\/div><div class=\"placeholder\">Contactez-nous<i class=\"\"><\/i><\/div><\/a><\/div>\r<!-- rt-button2 -->\r[\/vc_column][\/vc_row][vc_section full_width=&#8221;stretch_row&#8221; css=&#8221;.vc_custom_1522312526115{margin-top: 0px !important;margin-right: 0px !important;margin-bottom: 0px !important;margin-left: 0px !important;padding-top: 30px !important;padding-bottom: 40px !important;background-image: url(https:\/\/dembou-consulting.com\/wp-content\/uploads\/2018\/03\/section-back.png?id=8564) !important;background-position: center !important;background-repeat: no-repeat !important;background-size: cover !important;}&#8221; el_class=&#8221;overflow-visible&#8221;][vc_row gap=&#8221;30&#8243; css=&#8221;.vc_custom_1522312930467{margin-top: 0px !important;margin-right: -15px !important;margin-bottom: 0px !important;margin-left: -15px !important;padding-top: 0px !important;padding-right: 0px !important;padding-bottom: 0px !important;padding-left: 0px !important;}&#8221;][vc_column width=&#8221;1\/2&#8243; css=&#8221;.vc_custom_1610440181243{margin-right: 0px !important;margin-bottom: 0px !important;margin-left: 0px !important;padding-right: 30px !important;padding-bottom: 0px !important;padding-left: 0px !important;}&#8221; el_class=&#8221;hover-image&#8221;][vc_single_image image=&#8221;9893&#8243; img_size=&#8221;full&#8221; css=&#8221;.vc_custom_1762112441787{margin-top: 11px !important;margin-right: 0px !important;padding-right: 0px !important;}&#8221; el_class=&#8221;full-width-image&#8221;][\/vc_column][vc_column width=&#8221;1\/2&#8243; css=&#8221;.vc_custom_1610440248924{margin-right: 0px !important;margin-bottom: 0px !important;margin-left: 0px !important;padding-right: 0px !important;padding-bottom: 0px !important;padding-left: 0px !important;}&#8221;][vc_custom_heading text=&#8221;Qui sommes-nous&#8221; font_container=&#8221;tag:h2|font_size:36px|text_align:left&#8221; use_theme_fonts=&#8221;yes&#8221; css=&#8221;.vc_custom_1762112187420{margin-top: 0px !important;margin-bottom: 0px !important;padding-top: 0px !important;padding-bottom: 25px !important;}&#8221;][vc_column_text css=&#8221;.vc_custom_1762250540529{margin-bottom: 30px !important;}&#8221;]<\/p>\n<p class=\"my-2 [&amp;+p]:mt-4 [&amp;_strong:has(+br)]:inline-block [&amp;_strong:has(+br)]:pb-2\"><strong>Dembou Consulting<\/strong> est une soci\u00e9t\u00e9 sp\u00e9cialis\u00e9e dans la <strong>formation professionnelle. <\/strong>Nous organisons des formations certifiantes. A titre d&#8217;exemple, citons quelques unes telles que:<\/p>\n<ul>\n<li><a href=\"https:\/\/dembou-consulting.com\/accueil-4\/marketing-digital\/\" target=\"_blank\" rel=\"noopener\">Marketing et strat\u00e9gie digital<\/a><\/li>\n<li><a href=\"https:\/\/dembou-consulting.com\/accueil-4\/optimisation-experience-client\/\" target=\"_blank\" rel=\"noopener\">Optimisation exp\u00e9rience client<\/a><\/li>\n<li><a href=\"https:\/\/dembou-consulting.com\/accueil-4\/concevoir-les-services-financiers-numeriques\/\" target=\"_blank\" rel=\"noopener\">Concevoir les services financiers num\u00e9riques<\/a><\/li>\n<li><a href=\"https:\/\/dembou-consulting.com\/accueil-4\/gestion-de-la-fraude\/\" target=\"_blank\" rel=\"noopener\">Gestion de la fraude<\/a><\/li>\n<li><a href=\"https:\/\/dembou-consulting.com\/accueil-4\/initiation-au-management\/\" target=\"_blank\" rel=\"noopener\">Initiation au management<\/a><\/li>\n<\/ul>\n<p class=\"my-2 [&amp;+p]:mt-4 [&amp;_strong:has(+br)]:inline-block [&amp;_strong:has(+br)]:pb-2\">Nous sommes aussi pr\u00e9sents dans d&#8217;autres secteurs d&#8217;activit\u00e9 comme <strong>d\u00e9veloppement informatique<\/strong> et les <strong>t\u00e9l\u00e9communications<\/strong>, d\u00e9di\u00e9e \u00e0 r\u00e9pondre aux besoins sp\u00e9cifiques de ses clients. Nous comprenons que chaque projet est unique, c\u2019est pourquoi nous proposons des solutions enti\u00e8rement personnalis\u00e9es, con\u00e7ues pour optimiser la performance et la croissance de votre activit\u00e9.<\/p>\n<p class=\"my-2 [&amp;+p]:mt-4 [&amp;_strong:has(+br)]:inline-block [&amp;_strong:has(+br)]:pb-2\">Notre \u00e9quipe exp\u00e9riment\u00e9e met \u00e0 votre service un large \u00e9ventail de comp\u00e9tences, alliant savoir-faire technique et sens du service. Nous vous accompagnons \u00e0 chaque \u00e9tape, de l\u2019analyse de vos besoins \u00e0 la mise en \u0153uvre, en passant par la formation et le support, pour garantir la r\u00e9ussite et la p\u00e9rennit\u00e9 de vos projets.<\/p>\n<p class=\"my-2 [&amp;+p]:mt-4 [&amp;_strong:has(+br)]:inline-block [&amp;_strong:has(+br)]:pb-2\">Que vous soyez une entreprise, une institution ou un professionnel, nous nous engageons \u00e0 d\u00e9livrer des solutions innovantes, flexibles et adapt\u00e9es \u00e0 votre contexte. Notre expertise vous permet de gagner en efficacit\u00e9, en comp\u00e9titivit\u00e9 et en qualit\u00e9.<\/p>\n<p>[\/vc_column_text][\/vc_column][\/vc_row][\/vc_section][vc_row full_width=&#8221;stretch_row&#8221; css=&#8221;.vc_custom_1522303218981{margin-top: 0px !important;margin-bottom: 0px !important;padding-top: 70px !important;padding-bottom: 70px !important;}&#8221;][vc_column css=&#8221;.vc_custom_1522303183244{margin-top: 0px !important;margin-bottom: 0px !important;padding-top: 0px !important;padding-bottom: 0px !important;}&#8221;][vc_custom_heading text=&#8221;Nos references&#8221; font_container=&#8221;tag:h2|font_size:36px|text_align:center|line_height:23px&#8221; use_theme_fonts=&#8221;yes&#8221; css=&#8221;.vc_custom_1762144461766{margin-top: 0px !important;margin-bottom: 0px !important;padding-top: 0px !important;padding-bottom: 25px !important;}&#8221;][vc_single_image image=&#8221;8731&#8243; img_size=&#8221;full&#8221; alignment=&#8221;center&#8221; css=&#8221;.vc_custom_1522303792792{margin-bottom: 0px !important;padding-bottom: 0px !important;}&#8221;][vc_column_text css=&#8221;.vc_custom_1762116581328{margin-top: 0px !important;padding-top: 0px !important;}&#8221;][\/vc_column_text]<div class=\"clients owl-carousel element-one owl-nav-style-one owl-dot-style-one \"  data-owl-nav=\"false\" data-owl-dots=\"true\" data-owl-loop=\"true\" data-owl-autoplay=\"true\" data-owl-autoplay-timeout=\"6\" data-owl-mobile-items=\"1\" data-owl-tab-items=\"4\" data-owl-desktop-items=\"4\"><!-- clients-item --><div class=\"clients-item\"><div class=\"holder matchHeight\"><div class=\"table\"><div class=\"table-cell\"><div class=\"pic\"><img loading=\"lazy\" decoding=\"async\" width=\"1182\" height=\"500\" src=\"https:\/\/dembou-consulting.com\/accueil-4\/wp-content\/uploads\/2017\/11\/08.png\" class=\"attachment-post-thumbnail size-post-thumbnail wp-post-image\" alt=\"\" srcset=\"https:\/\/dembou-consulting.com\/accueil-4\/wp-content\/uploads\/2017\/11\/08.png 1182w, https:\/\/dembou-consulting.com\/accueil-4\/wp-content\/uploads\/2017\/11\/08-300x127.png 300w, https:\/\/dembou-consulting.com\/accueil-4\/wp-content\/uploads\/2017\/11\/08-1024x433.png 1024w, https:\/\/dembou-consulting.com\/accueil-4\/wp-content\/uploads\/2017\/11\/08-768x325.png 768w\" sizes=\"(max-width: 1182px) 100vw, 1182px\" \/><\/div><\/div><\/div><\/div><\/div><!-- clients-item --><!-- clients-item --><div class=\"clients-item\"><div class=\"holder matchHeight\"><div class=\"table\"><div class=\"table-cell\"><div class=\"pic\"><img loading=\"lazy\" decoding=\"async\" width=\"217\" height=\"232\" src=\"https:\/\/dembou-consulting.com\/accueil-4\/wp-content\/uploads\/2017\/11\/07.png\" class=\"attachment-post-thumbnail size-post-thumbnail wp-post-image\" alt=\"\" \/><\/div><\/div><\/div><\/div><\/div><!-- clients-item --><!-- clients-item --><div class=\"clients-item\"><div class=\"holder matchHeight\"><div class=\"table\"><div class=\"table-cell\"><div class=\"pic\"><img loading=\"lazy\" decoding=\"async\" width=\"192\" height=\"192\" src=\"https:\/\/dembou-consulting.com\/accueil-4\/wp-content\/uploads\/2017\/11\/06.png\" class=\"attachment-post-thumbnail size-post-thumbnail wp-post-image\" alt=\"\" srcset=\"https:\/\/dembou-consulting.com\/accueil-4\/wp-content\/uploads\/2017\/11\/06.png 192w, https:\/\/dembou-consulting.com\/accueil-4\/wp-content\/uploads\/2017\/11\/06-150x150.png 150w\" sizes=\"(max-width: 192px) 100vw, 192px\" \/><\/div><\/div><\/div><\/div><\/div><!-- clients-item --><!-- clients-item --><div class=\"clients-item\"><div class=\"holder matchHeight\"><div class=\"table\"><div class=\"table-cell\"><div class=\"pic\"><img loading=\"lazy\" decoding=\"async\" width=\"248\" height=\"203\" src=\"https:\/\/dembou-consulting.com\/accueil-4\/wp-content\/uploads\/2017\/11\/05.png\" class=\"attachment-post-thumbnail size-post-thumbnail wp-post-image\" alt=\"\" \/><\/div><\/div><\/div><\/div><\/div><!-- clients-item --><!-- clients-item --><div class=\"clients-item\"><div class=\"holder matchHeight\"><div class=\"table\"><div class=\"table-cell\"><div class=\"pic\"><img loading=\"lazy\" decoding=\"async\" width=\"109\" height=\"65\" src=\"https:\/\/dembou-consulting.com\/accueil-4\/wp-content\/uploads\/2017\/11\/04.png\" class=\"attachment-post-thumbnail size-post-thumbnail wp-post-image\" alt=\"\" \/><\/div><\/div><\/div><\/div><\/div><!-- clients-item --><!-- clients-item --><div class=\"clients-item\"><div class=\"holder matchHeight\"><div class=\"table\"><div class=\"table-cell\"><div class=\"pic\"><img loading=\"lazy\" decoding=\"async\" width=\"246\" height=\"53\" src=\"https:\/\/dembou-consulting.com\/accueil-4\/wp-content\/uploads\/2017\/11\/03.png\" class=\"attachment-post-thumbnail size-post-thumbnail wp-post-image\" alt=\"\" \/><\/div><\/div><\/div><\/div><\/div><!-- clients-item --><!-- clients-item --><div class=\"clients-item\"><div class=\"holder matchHeight\"><div class=\"table\"><div class=\"table-cell\"><div class=\"pic\"><img loading=\"lazy\" decoding=\"async\" width=\"772\" height=\"768\" src=\"https:\/\/dembou-consulting.com\/accueil-4\/wp-content\/uploads\/2017\/11\/02.png\" class=\"attachment-post-thumbnail size-post-thumbnail wp-post-image\" alt=\"\" srcset=\"https:\/\/dembou-consulting.com\/accueil-4\/wp-content\/uploads\/2017\/11\/02.png 772w, https:\/\/dembou-consulting.com\/accueil-4\/wp-content\/uploads\/2017\/11\/02-300x298.png 300w, https:\/\/dembou-consulting.com\/accueil-4\/wp-content\/uploads\/2017\/11\/02-150x150.png 150w, https:\/\/dembou-consulting.com\/accueil-4\/wp-content\/uploads\/2017\/11\/02-768x764.png 768w\" sizes=\"(max-width: 772px) 100vw, 772px\" \/><\/div><\/div><\/div><\/div><\/div><!-- clients-item --><!-- clients-item --><div class=\"clients-item\"><div class=\"holder matchHeight\"><div class=\"table\"><div class=\"table-cell\"><div class=\"pic\"><img loading=\"lazy\" decoding=\"async\" width=\"336\" height=\"170\" src=\"https:\/\/dembou-consulting.com\/accueil-4\/wp-content\/uploads\/2017\/11\/01.png\" class=\"attachment-post-thumbnail size-post-thumbnail wp-post-image\" alt=\"\" srcset=\"https:\/\/dembou-consulting.com\/accueil-4\/wp-content\/uploads\/2017\/11\/01.png 336w, https:\/\/dembou-consulting.com\/accueil-4\/wp-content\/uploads\/2017\/11\/01-300x152.png 300w\" sizes=\"(max-width: 336px) 100vw, 336px\" \/><\/div><\/div><\/div><\/div><\/div><!-- clients-item --><\/div>[\/vc_column][\/vc_row]<\/p>\n<\/div>","protected":false},"excerpt":{"rendered":"<p>[vc_row full_width=&#8221;stretch_row_content_no_spaces&#8221;][vc_column css=&#8221;.vc_custom_1522474781581{margin-top: 0px !important;margin-bottom: 0px !important;padding-top: 0px !important;padding-bottom: 0px !important;}&#8221;][vc_column_text css=&#8221;.vc_custom_1762097967638{margin-top: 0px !important;margin-bottom: 0px !important;}&#8221;][\/vc_column_text][\/vc_column][\/vc_row][vc_row full_width=&#8221;stretch_row&#8221; css=&#8221;.vc_custom_1608561978055{margin-top: 0px !important;margin-bottom: 0px !important;padding-top: 53px !important;padding-bottom: 55px !important;background-image: url(https:\/\/dembou-consulting.com\/wp-content\/uploads\/2018\/04\/background6.jpg?id=9422) !important;background-position: center !important;background-repeat: no-repeat !important;background-size: cover !important;}&#8221;][vc_column width=&#8221;2\/3&#8243; css=&#8221;.vc_custom_1610439863818{padding-top: 0px !important;padding-bottom: 0px !important;}&#8221; offset=&#8221;vc_col-lg-9 vc_col-md-8&#8243;][vc_custom_heading text=&#8221;Nous sommes \u00e0 votre \u00e9coute. Pour toute question, n&#8217;h\u00e9sitez pas.&#8221; font_container=&#8221;tag:h4|font_size:26px|text_align:left|color:%23ffffff|line_height:34px&#8221; use_theme_fonts=&#8221;yes&#8221; css=&#8221;.vc_custom_1762108337787{margin-top: [&hellip;]<\/p>\n","protected":false},"author":2,"featured_media":0,"parent":0,"menu_order":0,"comment_status":"closed","ping_status":"closed","template":"","meta":{"footnotes":""},"class_list":["post-9852","page","type-page","status-publish","hentry"],"_links":{"self":[{"href":"https:\/\/dembou-consulting.com\/accueil-4\/wp-json\/wp\/v2\/pages\/9852","targetHints":{"allow":["GET"]}}],"collection":[{"href":"https:\/\/dembou-consulting.com\/accueil-4\/wp-json\/wp\/v2\/pages"}],"about":[{"href":"https:\/\/dembou-consulting.com\/accueil-4\/wp-json\/wp\/v2\/types\/page"}],"author":[{"embeddable":true,"href":"https:\/\/dembou-consulting.com\/accueil-4\/wp-json\/wp\/v2\/users\/2"}],"replies":[{"embeddable":true,"href":"https:\/\/dembou-consulting.com\/accueil-4\/wp-json\/wp\/v2\/comments?post=9852"}],"version-history":[{"count":21,"href":"https:\/\/dembou-consulting.com\/accueil-4\/wp-json\/wp\/v2\/pages\/9852\/revisions"}],"predecessor-version":[{"id":10005,"href":"https:\/\/dembou-consulting.com\/accueil-4\/wp-json\/wp\/v2\/pages\/9852\/revisions\/10005"}],"wp:attachment":[{"href":"https:\/\/dembou-consulting.com\/accueil-4\/wp-json\/wp\/v2\/media?parent=9852"}],"curies":[{"name":"wp","href":"https:\/\/api.w.org\/{rel}","templated":true}]}}